{"id":1960,"date":"2020-09-16T05:16:09","date_gmt":"2020-09-16T08:16:09","guid":{"rendered":"https:\/\/lojaestrelavenus.com.br\/index.php\/home-2\/"},"modified":"2023-07-18T21:45:48","modified_gmt":"2023-07-19T00:45:48","slug":"home-2","status":"publish","type":"page","link":"https:\/\/lojaestrelavenus.com.br\/","title":{"rendered":"Home"},"content":{"rendered":"\n<div class=\"wp-block-uagb-container uagb-block-44276c24 alignfull uagb-is-root-container\"><\/div>\n\n\n\n<div class=\"wp-block-uagb-container uagb-block-fb8bb9db alignfull uagb-is-root-container\"><div class=\"uagb-container-inner-blocks-wrap\">\n<div class=\"wp-block-uagb-container uagb-block-950ead58\">\n<div class=\"wp-block-uagb-container uagb-block-fe203c0e\">\n<div class=\"wp-block-uagb-info-box uagb-block-877b2700 uagb-infobox__content-wrap  uagb-infobox-icon-above-title uagb-infobox-image-valign-top\"><div class=\"uagb-ifb-content\"><div class=\"uagb-ifb-title-wrap\"><h3 class=\"uagb-ifb-title\">Camisolas<\/h3><\/div><p class=\"uagb-ifb-desc\">Lindas camisolas em promo\u00e7\u00e3o esperando por voc\u00ea!<\/p><div class=\"uagb-ifb-button-wrapper wp-block-button\"><a href=\"https:\/\/lojaestrelavenus.com.br\/index.php\/categoria-produto\/hobby\/\" class=\"uagb-infobox-cta-link wp-block-button__link\" target=\"_self\" rel=\"noopener noreferrer\" onclick=\"return true;\" alt=\"\"><span class=\"uagb-inline-editing\">Comprar agora<\/span><\/a><\/div><\/div><\/div>\n<\/div>\n\n\n\n<div class=\"wp-block-uagb-container uagb-block-6ce16901\">\n<div class=\"wp-block-uagb-info-box uagb-block-c394f447 uagb-infobox__content-wrap  uagb-infobox-icon-above-title uagb-infobox-image-valign-top\"><div class=\"uagb-ifb-content\"><div class=\"uagb-ifb-title-wrap\"><h3 class=\"uagb-ifb-title\">Novidades Corcelet exclusivos para voc\u00ea <\/h3><\/div><p class=\"uagb-ifb-desc\">Variedades em Corcelet na sua espera, n\u00e3o perca tempo e tenha a pe\u00e7a da moda.<\/p><div class=\"uagb-ifb-button-wrapper wp-block-button\"><a href=\"https:\/\/lojaestrelavenus.com.br\/index.php\/categoria-produto\/corcelet\/\" class=\"uagb-infobox-cta-link wp-block-button__link\" target=\"_self\" rel=\"noopener noreferrer\" onclick=\"return true;\" alt=\"\"><span class=\"uagb-inline-editing\">comprar agora<\/span><\/a><\/div><\/div><\/div>\n<\/div>\n\n\n\n<div class=\"wp-block-uagb-container uagb-block-292bc0d3\">\n<div class=\"wp-block-uagb-info-box uagb-block-a91c9426 uagb-infobox__content-wrap  uagb-infobox-icon-above-title uagb-infobox-image-valign-top\"><div class=\"uagb-ifb-content\"><div class=\"uagb-ifb-title-wrap\"><h3 class=\"uagb-ifb-title\">Uma lingerie nova \u00e9 sempre uma boa ideia!<\/h3><\/div><p class=\"uagb-ifb-desc\">Vista belas lingeries todo dia! isso mesmo encontre a lingerie perfeita para voc\u00ea em nossa loja.<\/p><div class=\"uagb-ifb-button-wrapper wp-block-button\"><a href=\"https:\/\/lojaestrelavenus.com.br\/index.php\/categoria-produto\/conjuntos\/\" class=\"uagb-infobox-cta-link wp-block-button__link\" target=\"_self\" rel=\"noopener noreferrer\" onclick=\"return true;\" alt=\"\"><span class=\"uagb-inline-editing\">Comprar agora<\/span><\/a><\/div><\/div><\/div>\n<\/div>\n<\/div>\n<\/div><\/div>\n\n\n\n<div class=\"wp-block-uagb-container uagb-block-9e81619f alignfull uagb-is-root-container\"><div class=\"uagb-container-inner-blocks-wrap\">\n<div class=\"wp-block-uagb-info-box uagb-block-82c5fdf7 uagb-infobox__content-wrap  uagb-infobox-icon-above-title uagb-infobox-image-valign-top\"><div class=\"uagb-ifb-content\"><div class=\"uagb-ifb-title-wrap\"><h2 class=\"uagb-ifb-title\">Produtos em destaque<\/h2><\/div><div class=\"uagb-ifb-separator\"><\/div><\/div><\/div>\n\n\n<div class=\"woocommerce columns-4 \"><ul class=\"products columns-4\">\n<li class=\"desktop-align-left tablet-align-left mobile-align-left product type-product post-2307 status-publish first instock product_cat-body product_cat-sem-categoria has-post-thumbnail featured shipping-taxable purchasable product-type-simple\">\n\t<a href=\"?add-to-cart=2307\" data-quantity=\"1\" class=\"ast-on-card-button ast-select-options-trigger product_type_simple add_to_cart_button ajax_add_to_cart\" data-product_id=\"2307\" data-product_sku=\"\" aria-label=\"Adicionar &ldquo;Body Noir Elite&rdquo; no seu carrinho\" rel=\"nofollow\"> <span class=\"ast-card-action-tooltip\"> Comprar <\/span> <span class=\"ahfb-svg-iconset\"> <span class=\"ast-icon icon-bag\"><svg xmlns=\"http:\/\/www.w3.org\/2000\/svg\" xmlns:xlink=\"http:\/\/www.w3.org\/1999\/xlink\" version=\"1.1\" id=\"ast-bag-icon-svg\" x=\"0px\" y=\"0px\" width=\"100\" height=\"100\" viewBox=\"826 826 140 140\" enable-background=\"new 826 826 140 140\" xml:space=\"preserve\">\n\t\t\t\t<path d=\"M960.758,934.509l2.632,23.541c0.15,1.403-0.25,2.657-1.203,3.761c-0.953,1.053-2.156,1.579-3.61,1.579H833.424  c-1.454,0-2.657-0.526-3.61-1.579c-0.952-1.104-1.354-2.357-1.203-3.761l2.632-23.541H960.758z M953.763,871.405l6.468,58.29H831.77  l6.468-58.29c0.15-1.203,0.677-2.218,1.58-3.045c0.903-0.827,1.981-1.241,3.234-1.241h19.254v9.627c0,2.658,0.94,4.927,2.82,6.807  s4.149,2.82,6.807,2.82c2.658,0,4.926-0.94,6.807-2.82s2.821-4.149,2.821-6.807v-9.627h28.882v9.627  c0,2.658,0.939,4.927,2.819,6.807c1.881,1.88,4.149,2.82,6.807,2.82s4.927-0.94,6.808-2.82c1.879-1.88,2.82-4.149,2.82-6.807v-9.627  h19.253c1.255,0,2.332,0.414,3.235,1.241C953.086,869.187,953.612,870.202,953.763,871.405z M924.881,857.492v19.254  c0,1.304-0.476,2.432-1.429,3.385s-2.08,1.429-3.385,1.429c-1.303,0-2.432-0.477-3.384-1.429c-0.953-0.953-1.43-2.081-1.43-3.385  v-19.254c0-5.315-1.881-9.853-5.641-13.613c-3.76-3.761-8.298-5.641-13.613-5.641s-9.853,1.88-13.613,5.641  c-3.761,3.76-5.641,8.298-5.641,13.613v19.254c0,1.304-0.476,2.432-1.429,3.385c-0.953,0.953-2.081,1.429-3.385,1.429  c-1.303,0-2.432-0.477-3.384-1.429c-0.953-0.953-1.429-2.081-1.429-3.385v-19.254c0-7.973,2.821-14.779,8.461-20.42  c5.641-5.641,12.448-8.461,20.42-8.461c7.973,0,14.779,2.82,20.42,8.461C922.062,842.712,924.881,849.519,924.881,857.492z\"\/>\n\t\t\t\t<\/svg><\/span> <\/span> <\/a><\/li>\n<li class=\"desktop-align-left tablet-align-left mobile-align-left product type-product post-2301 status-publish instock product_cat-conjuntos product_cat-sem-categoria has-post-thumbnail featured shipping-taxable purchasable product-type-simple\">\n\t<a href=\"?add-to-cart=2301\" data-quantity=\"1\" class=\"ast-on-card-button ast-select-options-trigger product_type_simple add_to_cart_button ajax_add_to_cart\" data-product_id=\"2301\" data-product_sku=\"\" aria-label=\"Adicionar &ldquo;Conjunto Flamingo Whisper&rdquo; no seu carrinho\" rel=\"nofollow\"> <span class=\"ast-card-action-tooltip\"> Comprar <\/span> <span class=\"ahfb-svg-iconset\"> <span class=\"ast-icon icon-bag\"><svg xmlns=\"http:\/\/www.w3.org\/2000\/svg\" xmlns:xlink=\"http:\/\/www.w3.org\/1999\/xlink\" version=\"1.1\" id=\"ast-bag-icon-svg\" x=\"0px\" y=\"0px\" width=\"100\" height=\"100\" viewBox=\"826 826 140 140\" enable-background=\"new 826 826 140 140\" xml:space=\"preserve\">\n\t\t\t\t<path d=\"M960.758,934.509l2.632,23.541c0.15,1.403-0.25,2.657-1.203,3.761c-0.953,1.053-2.156,1.579-3.61,1.579H833.424  c-1.454,0-2.657-0.526-3.61-1.579c-0.952-1.104-1.354-2.357-1.203-3.761l2.632-23.541H960.758z M953.763,871.405l6.468,58.29H831.77  l6.468-58.29c0.15-1.203,0.677-2.218,1.58-3.045c0.903-0.827,1.981-1.241,3.234-1.241h19.254v9.627c0,2.658,0.94,4.927,2.82,6.807  s4.149,2.82,6.807,2.82c2.658,0,4.926-0.94,6.807-2.82s2.821-4.149,2.821-6.807v-9.627h28.882v9.627  c0,2.658,0.939,4.927,2.819,6.807c1.881,1.88,4.149,2.82,6.807,2.82s4.927-0.94,6.808-2.82c1.879-1.88,2.82-4.149,2.82-6.807v-9.627  h19.253c1.255,0,2.332,0.414,3.235,1.241C953.086,869.187,953.612,870.202,953.763,871.405z M924.881,857.492v19.254  c0,1.304-0.476,2.432-1.429,3.385s-2.08,1.429-3.385,1.429c-1.303,0-2.432-0.477-3.384-1.429c-0.953-0.953-1.43-2.081-1.43-3.385  v-19.254c0-5.315-1.881-9.853-5.641-13.613c-3.76-3.761-8.298-5.641-13.613-5.641s-9.853,1.88-13.613,5.641  c-3.761,3.76-5.641,8.298-5.641,13.613v19.254c0,1.304-0.476,2.432-1.429,3.385c-0.953,0.953-2.081,1.429-3.385,1.429  c-1.303,0-2.432-0.477-3.384-1.429c-0.953-0.953-1.429-2.081-1.429-3.385v-19.254c0-7.973,2.821-14.779,8.461-20.42  c5.641-5.641,12.448-8.461,20.42-8.461c7.973,0,14.779,2.82,20.42,8.461C922.062,842.712,924.881,849.519,924.881,857.492z\"\/>\n\t\t\t\t<\/svg><\/span> <\/span> <\/a><\/li>\n<li class=\"desktop-align-left tablet-align-left mobile-align-left product type-product post-2287 status-publish instock product_cat-conjuntos product_cat-sem-categoria has-post-thumbnail featured shipping-taxable purchasable product-type-simple\">\n\t<a href=\"?add-to-cart=2287\" data-quantity=\"1\" class=\"ast-on-card-button ast-select-options-trigger product_type_simple add_to_cart_button ajax_add_to_cart\" data-product_id=\"2287\" data-product_sku=\"\" aria-label=\"Adicionar &ldquo;Conjunto White Mist&rdquo; no seu carrinho\" rel=\"nofollow\"> <span class=\"ast-card-action-tooltip\"> Comprar <\/span> <span class=\"ahfb-svg-iconset\"> <span class=\"ast-icon icon-bag\"><svg xmlns=\"http:\/\/www.w3.org\/2000\/svg\" xmlns:xlink=\"http:\/\/www.w3.org\/1999\/xlink\" version=\"1.1\" id=\"ast-bag-icon-svg\" x=\"0px\" y=\"0px\" width=\"100\" height=\"100\" viewBox=\"826 826 140 140\" enable-background=\"new 826 826 140 140\" xml:space=\"preserve\">\n\t\t\t\t<path d=\"M960.758,934.509l2.632,23.541c0.15,1.403-0.25,2.657-1.203,3.761c-0.953,1.053-2.156,1.579-3.61,1.579H833.424  c-1.454,0-2.657-0.526-3.61-1.579c-0.952-1.104-1.354-2.357-1.203-3.761l2.632-23.541H960.758z M953.763,871.405l6.468,58.29H831.77  l6.468-58.29c0.15-1.203,0.677-2.218,1.58-3.045c0.903-0.827,1.981-1.241,3.234-1.241h19.254v9.627c0,2.658,0.94,4.927,2.82,6.807  s4.149,2.82,6.807,2.82c2.658,0,4.926-0.94,6.807-2.82s2.821-4.149,2.821-6.807v-9.627h28.882v9.627  c0,2.658,0.939,4.927,2.819,6.807c1.881,1.88,4.149,2.82,6.807,2.82s4.927-0.94,6.808-2.82c1.879-1.88,2.82-4.149,2.82-6.807v-9.627  h19.253c1.255,0,2.332,0.414,3.235,1.241C953.086,869.187,953.612,870.202,953.763,871.405z M924.881,857.492v19.254  c0,1.304-0.476,2.432-1.429,3.385s-2.08,1.429-3.385,1.429c-1.303,0-2.432-0.477-3.384-1.429c-0.953-0.953-1.43-2.081-1.43-3.385  v-19.254c0-5.315-1.881-9.853-5.641-13.613c-3.76-3.761-8.298-5.641-13.613-5.641s-9.853,1.88-13.613,5.641  c-3.761,3.76-5.641,8.298-5.641,13.613v19.254c0,1.304-0.476,2.432-1.429,3.385c-0.953,0.953-2.081,1.429-3.385,1.429  c-1.303,0-2.432-0.477-3.384-1.429c-0.953-0.953-1.429-2.081-1.429-3.385v-19.254c0-7.973,2.821-14.779,8.461-20.42  c5.641-5.641,12.448-8.461,20.42-8.461c7.973,0,14.779,2.82,20.42,8.461C922.062,842.712,924.881,849.519,924.881,857.492z\"\/>\n\t\t\t\t<\/svg><\/span> <\/span> <\/a><\/li>\n<li class=\"desktop-align-left tablet-align-left mobile-align-left product type-product post-2218 status-publish last instock product_cat-conjuntos product_cat-sem-categoria has-post-thumbnail featured shipping-taxable purchasable product-type-variable\">\n\t<a href=\"https:\/\/lojaestrelavenus.com.br\/index.php\/produto\/rosa-e-preto-encantadores\/\" data-quantity=\"1\" class=\"ast-on-card-button ast-select-options-trigger product_type_variable add_to_cart_button\" data-product_id=\"2218\" data-product_sku=\"\" aria-label=\"Selecione as op\u00e7\u00f5es para &ldquo;Rosa e Preto Encantadores&rdquo;\" rel=\"nofollow\"> <span class=\"ast-card-action-tooltip\"> Ver op\u00e7\u00f5es <\/span> <span class=\"ahfb-svg-iconset\"> <span class=\"ast-icon icon-bag\"><svg xmlns=\"http:\/\/www.w3.org\/2000\/svg\" xmlns:xlink=\"http:\/\/www.w3.org\/1999\/xlink\" version=\"1.1\" id=\"ast-bag-icon-svg\" x=\"0px\" y=\"0px\" width=\"100\" height=\"100\" viewBox=\"826 826 140 140\" enable-background=\"new 826 826 140 140\" xml:space=\"preserve\">\n\t\t\t\t<path d=\"M960.758,934.509l2.632,23.541c0.15,1.403-0.25,2.657-1.203,3.761c-0.953,1.053-2.156,1.579-3.61,1.579H833.424  c-1.454,0-2.657-0.526-3.61-1.579c-0.952-1.104-1.354-2.357-1.203-3.761l2.632-23.541H960.758z M953.763,871.405l6.468,58.29H831.77  l6.468-58.29c0.15-1.203,0.677-2.218,1.58-3.045c0.903-0.827,1.981-1.241,3.234-1.241h19.254v9.627c0,2.658,0.94,4.927,2.82,6.807  s4.149,2.82,6.807,2.82c2.658,0,4.926-0.94,6.807-2.82s2.821-4.149,2.821-6.807v-9.627h28.882v9.627  c0,2.658,0.939,4.927,2.819,6.807c1.881,1.88,4.149,2.82,6.807,2.82s4.927-0.94,6.808-2.82c1.879-1.88,2.82-4.149,2.82-6.807v-9.627  h19.253c1.255,0,2.332,0.414,3.235,1.241C953.086,869.187,953.612,870.202,953.763,871.405z M924.881,857.492v19.254  c0,1.304-0.476,2.432-1.429,3.385s-2.08,1.429-3.385,1.429c-1.303,0-2.432-0.477-3.384-1.429c-0.953-0.953-1.43-2.081-1.43-3.385  v-19.254c0-5.315-1.881-9.853-5.641-13.613c-3.76-3.761-8.298-5.641-13.613-5.641s-9.853,1.88-13.613,5.641  c-3.761,3.76-5.641,8.298-5.641,13.613v19.254c0,1.304-0.476,2.432-1.429,3.385c-0.953,0.953-2.081,1.429-3.385,1.429  c-1.303,0-2.432-0.477-3.384-1.429c-0.953-0.953-1.429-2.081-1.429-3.385v-19.254c0-7.973,2.821-14.779,8.461-20.42  c5.641-5.641,12.448-8.461,20.42-8.461c7.973,0,14.779,2.82,20.42,8.461C922.062,842.712,924.881,849.519,924.881,857.492z\"\/>\n\t\t\t\t<\/svg><\/span> <\/span> <\/a><\/li>\n<\/ul>\n<\/div>\n<\/div><\/div>\n\n\n\n<div class=\"wp-block-uagb-container uagb-block-cd28c13f alignfull uagb-is-root-container\"><div class=\"uagb-container-inner-blocks-wrap\">\n<div class=\"wp-block-uagb-container uagb-block-b0c7c49f\">\n<div class=\"wp-block-uagb-advanced-heading uagb-block-eaa2f3df\"><h4 class=\"uagb-heading-text\">Oferta por tempo limitado<\/h4><\/div>\n\n\n\n<div class=\"wp-block-uagb-info-box uagb-block-f29a52d9 uagb-infobox__content-wrap  uagb-infobox-icon-above-title uagb-infobox-image-valign-top\"><div class=\"uagb-ifb-content\"><div class=\"uagb-ifb-title-wrap\"><span class=\"uagb-ifb-title-prefix\">Invista em voc\u00ea mesma, compre belas lingeries do seu gosto.<\/span><\/div><div class=\"uagb-ifb-button-wrapper wp-block-button\"><a href=\"https:\/\/wa.me\/5575991144081\" class=\"uagb-infobox-cta-link wp-block-button__link\" target=\"_self\" rel=\"noopener noreferrer\" onclick=\"return true;\" alt=\"\"><span class=\"uagb-inline-editing\">consultar Mais informa\u00e7\u00e3o<\/span><\/a><\/div><\/div><\/div>\n<\/div>\n<\/div><\/div>\n\n\n\n<div class=\"wp-block-uagb-container uagb-block-073c0a49 alignfull uagb-is-root-container\"><div class=\"uagb-container-inner-blocks-wrap\">\n<div class=\"wp-block-uagb-container uagb-block-3d69d800\">\n<div class=\"wp-block-uagb-container uagb-block-387b95a0\">\n<div class=\"wp-block-uagb-info-box uagb-block-9165c3f8 uagb-infobox__content-wrap  uagb-infobox-icon-above-title uagb-infobox-image-valign-top\"><div class=\"uagb-ifb-content\"><div class=\"uagb-ifb-image-content\"><img decoding=\"async\" src=\"http:\/\/lojaestrelavenus.com.br\/wp-content\/uploads\/2020\/09\/globe-free-img.png\" alt=\"\" width=\"60\" height=\"60\" loading=\"lazy\"\/><\/div><div class=\"uagb-ifb-title-wrap\"><h6 class=\"uagb-ifb-title\">Vendas Nacional<\/h6><\/div><\/div><\/div>\n<\/div>\n\n\n\n<div class=\"wp-block-uagb-container uagb-block-6c0a72ef\">\n<div class=\"wp-block-uagb-info-box uagb-block-1a6cff6f uagb-infobox__content-wrap  uagb-infobox-icon-above-title uagb-infobox-image-valign-top\"><div class=\"uagb-ifb-content\"><div class=\"uagb-ifb-image-content\"><img decoding=\"async\" src=\"http:\/\/lojaestrelavenus.com.br\/wp-content\/uploads\/2020\/09\/quality-free-img.png\" alt=\"\" width=\"60\" height=\"60\" loading=\"lazy\"\/><\/div><div class=\"uagb-ifb-title-wrap\"><h6 class=\"uagb-ifb-title\">Melhores Qualidades<\/h6><\/div><\/div><\/div>\n<\/div>\n\n\n\n<div class=\"wp-block-uagb-container uagb-block-d636a2df\">\n<div class=\"wp-block-uagb-info-box uagb-block-9f3aebf5 uagb-infobox__content-wrap  uagb-infobox-icon-above-title uagb-infobox-image-valign-top\"><div class=\"uagb-ifb-content\"><div class=\"uagb-ifb-image-content\"><img decoding=\"async\" src=\"http:\/\/lojaestrelavenus.com.br\/wp-content\/uploads\/2020\/09\/tag-free-img.png\" alt=\"\" width=\"60\" height=\"60\" loading=\"lazy\"\/><\/div><div class=\"uagb-ifb-title-wrap\"><h6 class=\"uagb-ifb-title\">Melhores Ofertas<\/h6><\/div><\/div><\/div>\n<\/div>\n\n\n\n<div class=\"wp-block-uagb-container uagb-block-7e284e0d\">\n<div class=\"wp-block-uagb-info-box uagb-block-66289e34 uagb-infobox__content-wrap  uagb-infobox-icon-above-title uagb-infobox-image-valign-top\"><div class=\"uagb-ifb-content\"><div class=\"uagb-ifb-image-content\"><img decoding=\"async\" src=\"http:\/\/lojaestrelavenus.com.br\/wp-content\/uploads\/2020\/09\/lock-free-img.png\" alt=\"\" width=\"60\" height=\"60\" loading=\"lazy\"\/><\/div><div class=\"uagb-ifb-title-wrap\"><h6 class=\"uagb-ifb-title\">Seguran\u00e7a nas compras<\/h6><\/div><\/div><\/div>\n<\/div>\n<\/div>\n<\/div><\/div>\n","protected":false},"excerpt":{"rendered":"","protected":false},"author":1,"featured_media":0,"parent":0,"menu_order":0,"comment_status":"closed","ping_status":"closed","template":"","meta":{"_uag_custom_page_level_css":"","site-sidebar-layout":"no-sidebar","site-content-layout":"plain-container","ast-global-header-display":"","ast-main-header-display":"","ast-hfb-above-header-display":"","ast-hfb-below-header-display":"","ast-hfb-mobile-header-display":"","site-post-title":"disabled","ast-breadcrumbs-content":"","ast-featured-img":"","footer-sml-layout":"","theme-transparent-header-meta":"enabled","adv-header-id-meta":"","stick-header-meta":"","header-above-stick-meta":"","header-main-stick-meta":"","header-below-stick-meta":""},"uagb_featured_image_src":{"full":false,"thumbnail":false,"medium":false,"medium_large":false,"large":false,"1536x1536":false,"2048x2048":false,"woocommerce_thumbnail":false,"woocommerce_single":false,"woocommerce_gallery_thumbnail":false,"variation_swatches_image_size":false,"variation_swatches_tooltip_size":false},"uagb_author_info":{"display_name":"monicavenusgs","author_link":"https:\/\/lojaestrelavenus.com.br\/index.php\/author\/monicavenusgs\/"},"uagb_comment_info":0,"uagb_excerpt":null,"_links":{"self":[{"href":"https:\/\/lojaestrelavenus.com.br\/index.php\/wp-json\/wp\/v2\/pages\/1960"}],"collection":[{"href":"https:\/\/lojaestrelavenus.com.br\/index.php\/wp-json\/wp\/v2\/pages"}],"about":[{"href":"https:\/\/lojaestrelavenus.com.br\/index.php\/wp-json\/wp\/v2\/types\/page"}],"author":[{"embeddable":true,"href":"https:\/\/lojaestrelavenus.com.br\/index.php\/wp-json\/wp\/v2\/users\/1"}],"replies":[{"embeddable":true,"href":"https:\/\/lojaestrelavenus.com.br\/index.php\/wp-json\/wp\/v2\/comments?post=1960"}],"version-history":[{"count":30,"href":"https:\/\/lojaestrelavenus.com.br\/index.php\/wp-json\/wp\/v2\/pages\/1960\/revisions"}],"predecessor-version":[{"id":2419,"href":"https:\/\/lojaestrelavenus.com.br\/index.php\/wp-json\/wp\/v2\/pages\/1960\/revisions\/2419"}],"wp:attachment":[{"href":"https:\/\/lojaestrelavenus.com.br\/index.php\/wp-json\/wp\/v2\/media?parent=1960"}],"curies":[{"name":"wp","href":"https:\/\/api.w.org\/{rel}","templated":true}]}}