{"id":2527,"date":"2023-11-21T22:12:50","date_gmt":"2023-11-22T01:12:50","guid":{"rendered":"https:\/\/lojaestrelavenus.com.br\/?post_type=product&#038;p=2527"},"modified":"2023-11-21T22:16:09","modified_gmt":"2023-11-22T01:16:09","slug":"2527","status":"publish","type":"product","link":"https:\/\/lojaestrelavenus.com.br\/index.php\/produto\/2527\/","title":{"rendered":"Conjunto Sedu\u00e7\u00e3o"},"content":{"rendered":"<p>Conjunto robe todo trabalhado com rendas e tully +conjunto de calcinha e suti\u00e3 semi fio com rendas bicolor super confort\u00e1vel<\/p>\n","protected":false},"excerpt":{"rendered":"<p>Conjunto robe todo trabalhado com rendas e tully +conjunto de calcinha e suti\u00e3 semi fio com rendas bicolor super confort\u00e1vel<\/p>\n","protected":false},"featured_media":2530,"comment_status":"open","ping_status":"closed","template":"","meta":{"_uag_custom_page_level_css":"","site-sidebar-layout":"default","site-content-layout":"default","ast-global-header-display":"","ast-main-header-display":"","ast-hfb-above-header-display":"","ast-hfb-below-header-display":"","ast-hfb-mobile-header-display":"","site-post-title":"","ast-breadcrumbs-content":"","ast-featured-img":"","footer-sml-layout":"","theme-transparent-header-meta":"default","adv-header-id-meta":"","stick-header-meta":"","header-above-stick-meta":"","header-main-stick-meta":"","header-below-stick-meta":""},"product_cat":[16,18],"product_tag":[],"uagb_featured_image_src":{"full":["https:\/\/lojaestrelavenus.com.br\/wp-content\/uploads\/2023\/11\/WhatsApp-Image-2023-11-21-at-21.46.52.jpeg",768,1024,false],"thumbnail":["https:\/\/lojaestrelavenus.com.br\/wp-content\/uploads\/2023\/11\/WhatsApp-Image-2023-11-21-at-21.46.52-150x150.jpeg",150,150,true],"medium":["https:\/\/lojaestrelavenus.com.br\/wp-content\/uploads\/2023\/11\/WhatsApp-Image-2023-11-21-at-21.46.52-225x300.jpeg",225,300,true],"medium_large":["https:\/\/lojaestrelavenus.com.br\/wp-content\/uploads\/2023\/11\/WhatsApp-Image-2023-11-21-at-21.46.52.jpeg",768,1024,false],"large":["https:\/\/lojaestrelavenus.com.br\/wp-content\/uploads\/2023\/11\/WhatsApp-Image-2023-11-21-at-21.46.52.jpeg",768,1024,false],"1536x1536":["https:\/\/lojaestrelavenus.com.br\/wp-content\/uploads\/2023\/11\/WhatsApp-Image-2023-11-21-at-21.46.52.jpeg",768,1024,false],"2048x2048":["https:\/\/lojaestrelavenus.com.br\/wp-content\/uploads\/2023\/11\/WhatsApp-Image-2023-11-21-at-21.46.52.jpeg",768,1024,false],"woocommerce_thumbnail":["https:\/\/lojaestrelavenus.com.br\/wp-content\/uploads\/2023\/11\/WhatsApp-Image-2023-11-21-at-21.46.52-300x300.jpeg",300,300,true],"woocommerce_single":["https:\/\/lojaestrelavenus.com.br\/wp-content\/uploads\/2023\/11\/WhatsApp-Image-2023-11-21-at-21.46.52-600x800.jpeg",600,800,true],"woocommerce_gallery_thumbnail":["https:\/\/lojaestrelavenus.com.br\/wp-content\/uploads\/2023\/11\/WhatsApp-Image-2023-11-21-at-21.46.52-100x100.jpeg",100,100,true],"variation_swatches_image_size":["https:\/\/lojaestrelavenus.com.br\/wp-content\/uploads\/2023\/11\/WhatsApp-Image-2023-11-21-at-21.46.52-50x50.jpeg",50,50,true],"variation_swatches_tooltip_size":["https:\/\/lojaestrelavenus.com.br\/wp-content\/uploads\/2023\/11\/WhatsApp-Image-2023-11-21-at-21.46.52-100x100.jpeg",100,100,true]},"uagb_author_info":{"display_name":"ricardowgrocha","author_link":"https:\/\/lojaestrelavenus.com.br\/index.php\/author\/"},"uagb_comment_info":0,"uagb_excerpt":"Conjunto robe todo trabalhado com rendas e tully +conjunto de calcinha e suti\u00e3 semi fio com rendas bicolor super confort\u00e1vel","_links":{"self":[{"href":"https:\/\/lojaestrelavenus.com.br\/index.php\/wp-json\/wp\/v2\/product\/2527"}],"collection":[{"href":"https:\/\/lojaestrelavenus.com.br\/index.php\/wp-json\/wp\/v2\/product"}],"about":[{"href":"https:\/\/lojaestrelavenus.com.br\/index.php\/wp-json\/wp\/v2\/types\/product"}],"replies":[{"embeddable":true,"href":"https:\/\/lojaestrelavenus.com.br\/index.php\/wp-json\/wp\/v2\/comments?post=2527"}],"wp:featuredmedia":[{"embeddable":true,"href":"https:\/\/lojaestrelavenus.com.br\/index.php\/wp-json\/wp\/v2\/media\/2530"}],"wp:attachment":[{"href":"https:\/\/lojaestrelavenus.com.br\/index.php\/wp-json\/wp\/v2\/media?parent=2527"}],"wp:term":[{"taxonomy":"product_cat","embeddable":true,"href":"https:\/\/lojaestrelavenus.com.br\/index.php\/wp-json\/wp\/v2\/product_cat?post=2527"},{"taxonomy":"product_tag","embeddable":true,"href":"https:\/\/lojaestrelavenus.com.br\/index.php\/wp-json\/wp\/v2\/product_tag?post=2527"}],"curies":[{"name":"wp","href":"https:\/\/api.w.org\/{rel}","templated":true}]}}